{"id":8178,"date":"2019-09-03T00:37:30","date_gmt":"2019-09-03T00:37:30","guid":{"rendered":"http:\/\/lurdinha.org\/site\/?page_id=8178"},"modified":"2019-09-03T00:40:34","modified_gmt":"2019-09-03T00:40:34","slug":"agenda-cultural","status":"publish","type":"page","link":"https:\/\/lurdinha.org\/site\/agenda-cultural\/","title":{"rendered":"AGENDA CULTURAL"},"content":{"rendered":"<p><strong>AGENDA CULTURAL &#8211; De 09\/08\/19 a 16\/08\/19<br \/>\n<\/strong><\/p>\n<p><strong>&#8211; Cia. de Arte Popular<\/strong><br \/>\n<a href=\"https:\/\/www.facebook.com\/ciadeartepopular20anos\/posts\/1265290180318213\" target=\"_blank\" rel=\"noopener noreferrer\">https:\/\/www.facebook.com\/ciadeartepopular20anos\/posts\/1265290180318213<\/a><\/p>\n<p><strong>&#8211; Inscri\u00e7\u00f5es para o Festival Nacional de Teatro de Duque de Caxias \u2013 at\u00e9 18\/08<\/strong><br \/>\n<a href=\"https:\/\/drive.google.com\/file\/d\/1ksD33putXrEOv2JOZYh1nWYqdGCyLZem\/view\" target=\"_blank\" rel=\"noopener noreferrer\">https:\/\/drive.google.com\/file\/d\/1ksD33putXrEOv2JOZYh1nWYqdGCyLZem\/view<\/a><\/p>\n<p><strong>&#8211; P\u00e1gina do CPT Centro de Pesquisas Teatrais<\/strong><br \/>\n<a href=\"https:\/\/www.facebook.com\/cptduquedecaxias\/\" target=\"_blank\" rel=\"noopener noreferrer\">https:\/\/www.facebook.com\/cptduquedecaxias\/<\/a><\/p>\n<p><strong>&#8211; Sess\u00e3o No Cora\u00e7\u00e3o do Mundo \u2013 Cineclube Mate Com Angu<\/strong><br \/>\nDia 14\/08, no Gomeia Galp\u00e3o Criativo<br \/>\n<a href=\"https:\/\/www.facebook.com\/events\/2422264948099253\/\" target=\"_blank\" rel=\"noopener noreferrer\">https:\/\/www.facebook.com\/events\/2422264948099253\/<\/a><\/p>\n<p><strong>&#8211; Produtora Filmes de Pl\u00e1stico<br \/>\n<\/strong><a href=\"https:\/\/www.facebook.com\/filmesdeplastico\" target=\"_blank\" rel=\"noopener noreferrer\">https:\/\/www.facebook.com\/filmesdeplastico<\/a><strong><br \/>\n<\/strong><\/p>\n<p><strong>&#8211; Espet\u00e1culo Traga-me a Cabe\u00e7a de Lima Barreto<\/strong><br \/>\nDia 21\/08, no Teatro Sesi Firjan<\/p>\n<p><strong>&#8211; Biblioteca Comunit\u00e1ria Vila Aracy<\/strong><br \/>\n<iframe loading=\"lazy\" title=\"Cultura nos Trilhos - Biblioteca Comunit\u00e1ria Vila Aracy\" width=\"640\" height=\"360\" src=\"https:\/\/www.youtube.com\/embed\/pm_lv-xXC80?feature=oembed\" frameborder=\"0\" allow=\"accelerometer; autoplay; clipboard-write; encrypted-media; gyroscope; picture-in-picture; web-share\" referrerpolicy=\"strict-origin-when-cross-origin\" allowfullscreen><\/iframe><\/p>\n<p><strong>&#8211; P\u00e1gina da Biblioteca Comunit\u00e1ria Vila Aracy<\/strong><br \/>\n<a href=\"https:\/\/www.facebook.com\/Biblioteca-Comunit%C3%A1ria-Vila-Aracy-525429997559661\/\" target=\"_blank\" rel=\"noopener noreferrer\">https:\/\/www.facebook.com\/Biblioteca-Comunit%C3%A1ria-Vila-Aracy-525429997559661\/<\/a><br \/>\nSarau dia 17\/08<\/p>\n<p><strong>&#8211; Livro Jesus e os Direitos Humanos \u2013 link pra baixar<\/strong><br \/>\nLan\u00e7amento do livro em Caxias, dia 14\/08, no Col\u00e9gio Irineu Marinho, no Corte 8<br \/>\n<a href=\"http:\/\/lurdinha.org\/site\/lancamento-em-caxias-do-livro-jesus-e-os-direitos-humanos\/\">http:\/\/lurdinha.org\/site\/lancamento-em-caxias-do-livro-jesus-e-os-direitos-humanos\/<\/a><\/p>\n<p><strong>&#8211; Tem Gente Com Fome \u2013 clipe Ney Matogrosso<\/strong><br \/>\n<iframe loading=\"lazy\" title=\"Ney Matogrosso - Tem Gente Com Fome (Clipe Completo) 1979\" width=\"640\" height=\"480\" src=\"https:\/\/www.youtube.com\/embed\/I5FUX3e089I?feature=oembed\" frameborder=\"0\" allow=\"accelerometer; autoplay; clipboard-write; encrypted-media; gyroscope; picture-in-picture; web-share\" referrerpolicy=\"strict-origin-when-cross-origin\" allowfullscreen><\/iframe><\/p>\n","protected":false},"excerpt":{"rendered":"<p>AGENDA CULTURAL &#8211; De 09\/08\/19 a 16\/08\/19 &#8211; Cia. de Arte Popular https:\/\/www.facebook.com\/ciadeartepopular20anos\/posts\/1265290180318213 &#8211; Inscri\u00e7\u00f5es&#8230;<\/p>\n","protected":false},"author":1,"featured_media":0,"parent":0,"menu_order":0,"comment_status":"closed","ping_status":"closed","template":"template-full.php","meta":{"footnotes":""},"class_list":["post-8178","page","type-page","status-publish","hentry"],"yoast_head":"<!-- This site is optimized with the Yoast SEO plugin v27.3 - https:\/\/yoast.com\/product\/yoast-seo-wordpress\/ -->\n<title>AGENDA CULTURAL - Lurdinha - Duque de Caxias para Est\u00f4magos Fortes<\/title>\n<meta name=\"robots\" content=\"index, follow, max-snippet:-1, max-image-preview:large, max-video-preview:-1\" \/>\n<link rel=\"canonical\" href=\"https:\/\/lurdinha.org\/site\/agenda-cultural\/\" \/>\n<meta property=\"og:locale\" content=\"pt_BR\" \/>\n<meta property=\"og:type\" content=\"article\" \/>\n<meta property=\"og:title\" content=\"AGENDA CULTURAL - Lurdinha - Duque de Caxias para Est\u00f4magos Fortes\" \/>\n<meta property=\"og:description\" content=\"AGENDA CULTURAL &#8211; De 09\/08\/19 a 16\/08\/19 &#8211; Cia. de Arte Popular https:\/\/www.facebook.com\/ciadeartepopular20anos\/posts\/1265290180318213 &#8211; Inscri\u00e7\u00f5es...\" \/>\n<meta property=\"og:url\" content=\"https:\/\/lurdinha.org\/site\/agenda-cultural\/\" \/>\n<meta property=\"og:site_name\" content=\"Lurdinha - Duque de Caxias para Est\u00f4magos Fortes\" \/>\n<meta property=\"article:publisher\" content=\"https:\/\/www.facebook.com\/LurdinhadeCaxias\" \/>\n<meta property=\"article:modified_time\" content=\"2019-09-03T00:40:34+00:00\" \/>\n<meta name=\"twitter:card\" content=\"summary_large_image\" \/>\n<meta name=\"twitter:label1\" content=\"Est. tempo de leitura\" \/>\n\t<meta name=\"twitter:data1\" content=\"1 minuto\" \/>\n<script type=\"application\/ld+json\" class=\"yoast-schema-graph\">{\"@context\":\"https:\\\/\\\/schema.org\",\"@graph\":[{\"@type\":\"WebPage\",\"@id\":\"https:\\\/\\\/lurdinha.org\\\/site\\\/agenda-cultural\\\/\",\"url\":\"https:\\\/\\\/lurdinha.org\\\/site\\\/agenda-cultural\\\/\",\"name\":\"AGENDA CULTURAL - Lurdinha - Duque de Caxias para Est\u00f4magos Fortes\",\"isPartOf\":{\"@id\":\"https:\\\/\\\/lurdinha.org\\\/site\\\/#website\"},\"datePublished\":\"2019-09-03T00:37:30+00:00\",\"dateModified\":\"2019-09-03T00:40:34+00:00\",\"breadcrumb\":{\"@id\":\"https:\\\/\\\/lurdinha.org\\\/site\\\/agenda-cultural\\\/#breadcrumb\"},\"inLanguage\":\"pt-BR\",\"potentialAction\":[{\"@type\":\"ReadAction\",\"target\":[\"https:\\\/\\\/lurdinha.org\\\/site\\\/agenda-cultural\\\/\"]}]},{\"@type\":\"BreadcrumbList\",\"@id\":\"https:\\\/\\\/lurdinha.org\\\/site\\\/agenda-cultural\\\/#breadcrumb\",\"itemListElement\":[{\"@type\":\"ListItem\",\"position\":1,\"name\":\"In\u00edcio\",\"item\":\"https:\\\/\\\/lurdinha.org\\\/site\\\/\"},{\"@type\":\"ListItem\",\"position\":2,\"name\":\"AGENDA CULTURAL\"}]},{\"@type\":\"WebSite\",\"@id\":\"https:\\\/\\\/lurdinha.org\\\/site\\\/#website\",\"url\":\"https:\\\/\\\/lurdinha.org\\\/site\\\/\",\"name\":\"Lurdinha - Duque de Caxias para Est\u00f4magos Fortes\",\"description\":\"Site sobre Arte, Cultura, Pol\u00edtica, Sociedade e curiosidades da cidade de Duque de Caxias, RJ\",\"publisher\":{\"@id\":\"https:\\\/\\\/lurdinha.org\\\/site\\\/#organization\"},\"alternateName\":\"Lurdinha\",\"potentialAction\":[{\"@type\":\"SearchAction\",\"target\":{\"@type\":\"EntryPoint\",\"urlTemplate\":\"https:\\\/\\\/lurdinha.org\\\/site\\\/?s={search_term_string}\"},\"query-input\":{\"@type\":\"PropertyValueSpecification\",\"valueRequired\":true,\"valueName\":\"search_term_string\"}}],\"inLanguage\":\"pt-BR\"},{\"@type\":\"Organization\",\"@id\":\"https:\\\/\\\/lurdinha.org\\\/site\\\/#organization\",\"name\":\"Lurdinha de Caxias\",\"url\":\"https:\\\/\\\/lurdinha.org\\\/site\\\/\",\"logo\":{\"@type\":\"ImageObject\",\"inLanguage\":\"pt-BR\",\"@id\":\"https:\\\/\\\/lurdinha.org\\\/site\\\/#\\\/schema\\\/logo\\\/image\\\/\",\"url\":\"https:\\\/\\\/lurdinha.org\\\/site\\\/wp-content\\\/uploads\\\/logo-lurdinha.jpg\",\"contentUrl\":\"https:\\\/\\\/lurdinha.org\\\/site\\\/wp-content\\\/uploads\\\/logo-lurdinha.jpg\",\"width\":640,\"height\":60,\"caption\":\"Lurdinha de Caxias\"},\"image\":{\"@id\":\"https:\\\/\\\/lurdinha.org\\\/site\\\/#\\\/schema\\\/logo\\\/image\\\/\"},\"sameAs\":[\"https:\\\/\\\/www.facebook.com\\\/LurdinhadeCaxias\",\"https:\\\/\\\/www.instagram.com\\\/lurdinhadecaxias\"]}]}<\/script>\n<!-- \/ Yoast SEO plugin. -->","yoast_head_json":{"title":"AGENDA CULTURAL - Lurdinha - Duque de Caxias para Est\u00f4magos Fortes","robots":{"index":"index","follow":"follow","max-snippet":"max-snippet:-1","max-image-preview":"max-image-preview:large","max-video-preview":"max-video-preview:-1"},"canonical":"https:\/\/lurdinha.org\/site\/agenda-cultural\/","og_locale":"pt_BR","og_type":"article","og_title":"AGENDA CULTURAL - Lurdinha - Duque de Caxias para Est\u00f4magos Fortes","og_description":"AGENDA CULTURAL &#8211; De 09\/08\/19 a 16\/08\/19 &#8211; Cia. de Arte Popular https:\/\/www.facebook.com\/ciadeartepopular20anos\/posts\/1265290180318213 &#8211; Inscri\u00e7\u00f5es...","og_url":"https:\/\/lurdinha.org\/site\/agenda-cultural\/","og_site_name":"Lurdinha - Duque de Caxias para Est\u00f4magos Fortes","article_publisher":"https:\/\/www.facebook.com\/LurdinhadeCaxias","article_modified_time":"2019-09-03T00:40:34+00:00","twitter_card":"summary_large_image","twitter_misc":{"Est. tempo de leitura":"1 minuto"},"schema":{"@context":"https:\/\/schema.org","@graph":[{"@type":"WebPage","@id":"https:\/\/lurdinha.org\/site\/agenda-cultural\/","url":"https:\/\/lurdinha.org\/site\/agenda-cultural\/","name":"AGENDA CULTURAL - Lurdinha - Duque de Caxias para Est\u00f4magos Fortes","isPartOf":{"@id":"https:\/\/lurdinha.org\/site\/#website"},"datePublished":"2019-09-03T00:37:30+00:00","dateModified":"2019-09-03T00:40:34+00:00","breadcrumb":{"@id":"https:\/\/lurdinha.org\/site\/agenda-cultural\/#breadcrumb"},"inLanguage":"pt-BR","potentialAction":[{"@type":"ReadAction","target":["https:\/\/lurdinha.org\/site\/agenda-cultural\/"]}]},{"@type":"BreadcrumbList","@id":"https:\/\/lurdinha.org\/site\/agenda-cultural\/#breadcrumb","itemListElement":[{"@type":"ListItem","position":1,"name":"In\u00edcio","item":"https:\/\/lurdinha.org\/site\/"},{"@type":"ListItem","position":2,"name":"AGENDA CULTURAL"}]},{"@type":"WebSite","@id":"https:\/\/lurdinha.org\/site\/#website","url":"https:\/\/lurdinha.org\/site\/","name":"Lurdinha - Duque de Caxias para Est\u00f4magos Fortes","description":"Site sobre Arte, Cultura, Pol\u00edtica, Sociedade e curiosidades da cidade de Duque de Caxias, RJ","publisher":{"@id":"https:\/\/lurdinha.org\/site\/#organization"},"alternateName":"Lurdinha","potentialAction":[{"@type":"SearchAction","target":{"@type":"EntryPoint","urlTemplate":"https:\/\/lurdinha.org\/site\/?s={search_term_string}"},"query-input":{"@type":"PropertyValueSpecification","valueRequired":true,"valueName":"search_term_string"}}],"inLanguage":"pt-BR"},{"@type":"Organization","@id":"https:\/\/lurdinha.org\/site\/#organization","name":"Lurdinha de Caxias","url":"https:\/\/lurdinha.org\/site\/","logo":{"@type":"ImageObject","inLanguage":"pt-BR","@id":"https:\/\/lurdinha.org\/site\/#\/schema\/logo\/image\/","url":"https:\/\/lurdinha.org\/site\/wp-content\/uploads\/logo-lurdinha.jpg","contentUrl":"https:\/\/lurdinha.org\/site\/wp-content\/uploads\/logo-lurdinha.jpg","width":640,"height":60,"caption":"Lurdinha de Caxias"},"image":{"@id":"https:\/\/lurdinha.org\/site\/#\/schema\/logo\/image\/"},"sameAs":["https:\/\/www.facebook.com\/LurdinhadeCaxias","https:\/\/www.instagram.com\/lurdinhadecaxias"]}]}},"_links":{"self":[{"href":"https:\/\/lurdinha.org\/site\/wp-json\/wp\/v2\/pages\/8178","targetHints":{"allow":["GET"]}}],"collection":[{"href":"https:\/\/lurdinha.org\/site\/wp-json\/wp\/v2\/pages"}],"about":[{"href":"https:\/\/lurdinha.org\/site\/wp-json\/wp\/v2\/types\/page"}],"author":[{"embeddable":true,"href":"https:\/\/lurdinha.org\/site\/wp-json\/wp\/v2\/users\/1"}],"replies":[{"embeddable":true,"href":"https:\/\/lurdinha.org\/site\/wp-json\/wp\/v2\/comments?post=8178"}],"version-history":[{"count":1,"href":"https:\/\/lurdinha.org\/site\/wp-json\/wp\/v2\/pages\/8178\/revisions"}],"predecessor-version":[{"id":8179,"href":"https:\/\/lurdinha.org\/site\/wp-json\/wp\/v2\/pages\/8178\/revisions\/8179"}],"wp:attachment":[{"href":"https:\/\/lurdinha.org\/site\/wp-json\/wp\/v2\/media?parent=8178"}],"curies":[{"name":"wp","href":"https:\/\/api.w.org\/{rel}","templated":true}]}}