{"id":8,"date":"2010-12-27T15:13:38","date_gmt":"2010-12-27T15:13:38","guid":{"rendered":"http:\/\/lurdinha.org\/site\/?page_id=8"},"modified":"2025-05-01T01:24:05","modified_gmt":"2025-05-01T01:24:05","slug":"expediente","status":"publish","type":"page","link":"https:\/\/lurdinha.org\/site\/expediente\/","title":{"rendered":"EXPEDIENTE"},"content":{"rendered":"<p><span style=\"color: #000080;\"><strong>Cont\u00e9m publica\u00e7\u00f5es de:<\/strong><\/span><\/p>\n<p># <a href=\"https:\/\/lurdinha.org\/site\/author\/adrianabatalha\/\"><strong>Adriana Batalha<\/strong><\/a><\/p>\n<p><strong># <a href=\"http:\/\/lurdinha.org\/site\/author\/ellobo\/\">Alberto Ellobo<\/a> <\/strong><\/p>\n<p><strong># <a href=\"http:\/\/lurdinha.org\/site\/?author=32\">Alexandre Marques<\/a> <\/strong><\/p>\n<p><strong># <a href=\"http:\/\/lurdinha.org\/site\/?author=14\">Andr\u00e9 de Oliveira<\/a> <\/strong><\/p>\n<p><strong># <a href=\"http:\/\/lurdinha.org\/site\/author\/antonioaugusto\/\">Ant\u00f4nio Augusto Braz<\/a> <\/strong><\/p>\n<p># <a href=\"https:\/\/lurdinha.org\/site\/author\/arturoilha\/\"><strong>Arthur William<\/strong><\/a><\/p>\n<p># <a href=\"https:\/\/lurdinha.org\/site\/author\/biradavila\/\"><strong>Bira da Vila<\/strong><\/a><\/p>\n<p><strong># <a href=\"https:\/\/lurdinha.org\/site\/author\/cacaubaixada\/\">Cacau Amaral<\/a>\u00a0<\/strong><\/p>\n<p># <a href=\"https:\/\/lurdinha.org\/site\/author\/carol\/\"><strong>Carol Almeida<\/strong><\/a><\/p>\n<p># <a href=\"https:\/\/lurdinha.org\/site\/author\/claudioaragao\/\"><strong>Cl\u00e1udio Arag\u00e3o<\/strong><\/a><\/p>\n<p># <a href=\"https:\/\/lurdinha.org\/site\/author\/claradedeus\/\"><strong>Clara de Deus<\/strong><\/a><\/p>\n<p># <a href=\"https:\/\/lurdinha.org\/site\/author\/danicisco\"><strong>Dani Francisco<\/strong><\/a><\/p>\n<p><strong># <a href=\"http:\/\/lurdinha.org\/site\/?author=17\">DCali, O Profeta<\/a> <\/strong><\/p>\n<p><strong># <a href=\"http:\/\/lurdinha.org\/site\/author\/edprates\/\">Eduardo Prates<\/a> <\/strong><\/p>\n<p><strong># <a href=\"https:\/\/lurdinha.org\/site\/author\/eldemarsouza\/\">Eldemar de Souza <\/a><\/strong><\/p>\n<p><strong># <a href=\"http:\/\/lurdinha.org\/site\/author\/elis\/\">Elis de Aquino<\/a> <\/strong><\/p>\n<p><strong>#\u00a0<a href=\"https:\/\/lurdinha.org\/site\/author\/fabiopereira\/\">Fabio Pereira<\/a> <\/strong><\/p>\n<p><strong>#<a href=\"https:\/\/lurdinha.org\/site\/author\/filipo\/\"> Filipo Tardim<\/a> <\/strong><\/p>\n<p><strong># <a href=\"https:\/\/lurdinha.org\/site\/author\/giordana\/\">Giordana Moreira<\/a> <\/strong><\/p>\n<p>#<a href=\"https:\/\/lurdinha.org\/site\/author\/tubarao\"><strong> Gutemberg F. Loki<\/strong><\/a><\/p>\n<p><strong>#\u00a0<a href=\"https:\/\/lurdinha.org\/site\/author\/henriquesilveira\/\">Henrique Silveira<\/a>\u00a0<\/strong><\/p>\n<p># <a href=\"https:\/\/lurdinha.org\/site\/author\/heraldohb\/\"><strong>Heraldo HB<\/strong><\/a><\/p>\n<p># <a href=\"https:\/\/lurdinha.org\/site\/author\/igorbarradas\/\"><strong>Igor Barradas<\/strong><\/a><\/p>\n<p><strong># <a href=\"http:\/\/lurdinha.org\/site\/author\/igorfreitas\/\">Igor Freitas Lima<\/a> <\/strong><\/p>\n<p># <a href=\"https:\/\/lurdinha.org\/site\/author\/ivanete\"><strong>Ivanete Silva<\/strong><\/a><\/p>\n<p><strong># <a href=\"https:\/\/lurdinha.org\/site\/author\/arimateia\/\">J. Arimat\u00e9ia Ferreira<\/a> <\/strong><\/p>\n<p><strong>#\u00a0<a href=\"https:\/\/lurdinha.org\/site\/author\/carpalhau\/\">JP Carpalhau<\/a> <\/strong><\/p>\n<p># <a href=\"https:\/\/lurdinha.org\/site\/author\/luciene\/\"><strong>Luciene Medeiros<\/strong><\/a><\/p>\n<p><strong># <a href=\"https:\/\/lurdinha.org\/site\/author\/lubrasil\/\">Lu Brasil<\/a> <\/strong><\/p>\n<p><strong># <a href=\"https:\/\/lurdinha.org\/site\/author\/lucia\/\">Lucia Santos<\/a> <\/strong><\/p>\n<p><strong># <a href=\"http:\/\/lurdinha.org\/site\/author\/marcosmaciel\/\">Marcos Maciel<\/a> <\/strong><\/p>\n<p><strong># <a href=\"http:\/\/lurdinha.org\/site\/author\/mariana\/\">Mariana Gesteira<\/a> <\/strong><\/p>\n<p><strong># <a href=\"https:\/\/lurdinha.org\/site\/author\/marroni\/\">Marroni Alves<\/a> <\/strong><\/p>\n<p><strong># <a href=\"http:\/\/lurdinha.org\/site\/author\/mateusmendes\/\">Mateus Mendes de Souza<\/a> <\/strong><\/p>\n<p># <a href=\"https:\/\/lurdinha.org\/site\/author\/michel\/\"><strong>Michel de Souza<\/strong><\/a><\/p>\n<p># <a href=\"https:\/\/lurdinha.org\/site\/author\/miguel\/\"><strong>Miguel Silva Dupot<\/strong><\/a><\/p>\n<p># <a href=\"https:\/\/lurdinha.org\/site\/author\/moreno\"><strong>Moreno Assump\u00e7\u00e3o<\/strong><\/a><\/p>\n<p><strong># <a href=\"http:\/\/lurdinha.org\/site\/author\/naoesquecemos\/\">N\u00e3o Esquecemos<\/a> <\/strong><\/p>\n<p><strong># <a href=\"https:\/\/lurdinha.org\/site\/author\/nielson\/\">Nielson Bezerra<\/a><\/strong><\/p>\n<p># <a href=\"https:\/\/lurdinha.org\/site\/author\/osmarpaulino\/\"><strong>Osmar Paulino<\/strong><\/a><\/p>\n<p><strong># <a href=\"http:\/\/lurdinha.org\/site\/author\/otis\/\">Otis<\/a> <\/strong><\/p>\n<p># <a href=\"https:\/\/lurdinha.org\/site\/author\/paulokmkz\/\"><strong>Paulo KMKZ<\/strong><\/a><\/p>\n<p># <a href=\"https:\/\/lurdinha.org\/site\/author\/pedrovinicius\/\"><strong>Pedro Vin\u00edcius Lobo<\/strong><\/a><\/p>\n<p><strong># <a href=\"http:\/\/lurdinha.org\/site\/author\/compulsor\/\">Ricardo Villa Verde<\/a> <\/strong><\/p>\n<p># <a href=\"https:\/\/lurdinha.org\/site\/author\/robertoaires\/\"><strong>Roberto Aires<\/strong><\/a><\/p>\n<p><strong>#\u00a0<a href=\"http:\/\/lurdinha.org\/site\/author\/rodrigodutra\/\">Rodrigo Dutra<\/a> <\/strong><\/p>\n<p># <a href=\"https:\/\/lurdinha.org\/site\/author\/rogeriotorres\/\"><strong>Rog\u00e9rio Torres<\/strong><\/a><\/p>\n<p>#<a href=\"https:\/\/lurdinha.org\/site\/author\/raulino\/\"><strong> Sebasti\u00e3o Raulino<\/strong><\/a><\/p>\n<p># <a href=\"https:\/\/lurdinha.org\/site\/author\/silene\"><strong>Silene Orlando Ribeiro<\/strong><\/a><\/p>\n<p><a href=\"https:\/\/lurdinha.org\/site\/author\/silvia\/\"><strong># S\u00edlvia de Mendon\u00e7a<\/strong><\/a><\/p>\n<p><strong># <a href=\"http:\/\/lurdinha.org\/site\/author\/slowdabf\/\">Slow da BF<\/a> <\/strong><\/p>\n<p><strong># <a href=\"http:\/\/lurdinha.org\/site\/author\/tadeu\/\">Tadeu Lima<\/a> <\/strong><\/p>\n<p># <a href=\"https:\/\/lurdinha.org\/site\/author\/thiago\"><strong>Thiago Carvalho<\/strong><\/a><\/p>\n<p><strong># <a href=\"http:\/\/lurdinha.org\/site\/author\/thiago-venturotti\/\">Thiago Venturotti <\/a><\/strong><\/p>\n<p><strong># <a href=\"http:\/\/lurdinha.org\/site\/author\/valdelir\/\">Valdo Couto<\/a> <\/strong><\/p>\n<p># <a href=\"https:\/\/lurdinha.org\/site\/author\/vanessa\"><strong>Vanessa de Menezes<\/strong><\/a><\/p>\n<p><strong>#\u00a0<a href=\"http:\/\/lurdinha.org\/site\/author\/vicenteportella\/\">Vicente Portella<\/a> <\/strong><\/p>\n<p># <a href=\"https:\/\/lurdinha.org\/site\/author\/yasmin\/\"><strong>Yasmin Menezes<\/strong><\/a><\/p>\n<p><strong># <a href=\"https:\/\/lurdinha.org\/site\/author\/wesley\/\">Wesley Teixeira<\/a><\/strong><\/p>\n<p>As opini\u00f5es expressas pelos colaboradores n\u00e3o representam necessariamente a opini\u00e3o da Editoria; a ideia aqui \u00e9 respeitar e difundir opini\u00f5es as mais diversas poss\u00edveis.<\/p>\n<p>\u00c9 permitido aos colaboradores convidados expressarem opini\u00f5es inclusive partid\u00e1rias, religiosas e futebol\u00edsticas.<\/p>\n<p>Caso voc\u00ea queira ser um colaborador, <a href=\"http:\/\/lurdinha.org\/site\/?page_id=2\">entre em contato<\/a>.<\/p>\n<p>O nome <strong><span style=\"color: #ff0000;\">Lurdinha <\/span><\/strong>para uma revista sobre Caxias \u00e9 uma feliz sugest\u00e3o de Djair Carneiro Lima<\/p>\n<p>A Lurdinha roda WordPress em m\u00e1quina Linux, servidor Apache, PHP\/MySQL.<\/p>\n<p>Hospedagem e produ\u00e7\u00e3o web:<a title=\"relinkare produ\u00e7\u00f5es\" href=\"http:\/\/relinkare.org\" target=\"_blank\" rel=\"noopener noreferrer\"> relinkare produ\u00e7\u00f5es<\/a>.<\/p>\n","protected":false},"excerpt":{"rendered":"<p>Cont\u00e9m publica\u00e7\u00f5es de: # Adriana Batalha # Alberto Ellobo # Alexandre Marques # Andr\u00e9 de&#8230;<\/p>\n","protected":false},"author":87,"featured_media":0,"parent":0,"menu_order":5,"comment_status":"closed","ping_status":"closed","template":"","meta":{"footnotes":""},"class_list":["post-8","page","type-page","status-publish","hentry"],"yoast_head":"<!-- This site is optimized with the Yoast SEO plugin v27.5 - https:\/\/yoast.com\/product\/yoast-seo-wordpress\/ -->\n<title>EXPEDIENTE - Lurdinha - Duque de Caxias para Est\u00f4magos Fortes<\/title>\n<meta name=\"robots\" content=\"index, follow, max-snippet:-1, max-image-preview:large, max-video-preview:-1\" \/>\n<link rel=\"canonical\" href=\"https:\/\/lurdinha.org\/site\/expediente\/\" \/>\n<meta property=\"og:locale\" content=\"pt_BR\" \/>\n<meta property=\"og:type\" content=\"article\" \/>\n<meta property=\"og:title\" content=\"EXPEDIENTE - Lurdinha - Duque de Caxias para Est\u00f4magos Fortes\" \/>\n<meta property=\"og:description\" content=\"Cont\u00e9m publica\u00e7\u00f5es de: # Adriana Batalha # Alberto Ellobo # Alexandre Marques # Andr\u00e9 de...\" \/>\n<meta property=\"og:url\" content=\"https:\/\/lurdinha.org\/site\/expediente\/\" \/>\n<meta property=\"og:site_name\" content=\"Lurdinha - Duque de Caxias para Est\u00f4magos Fortes\" \/>\n<meta property=\"article:publisher\" content=\"https:\/\/www.facebook.com\/LurdinhadeCaxias\" \/>\n<meta property=\"article:modified_time\" content=\"2025-05-01T01:24:05+00:00\" \/>\n<meta name=\"twitter:card\" content=\"summary_large_image\" \/>\n<meta name=\"twitter:label1\" content=\"Est. tempo de leitura\" \/>\n\t<meta name=\"twitter:data1\" content=\"1 minuto\" \/>\n<script type=\"application\/ld+json\" class=\"yoast-schema-graph\">{\"@context\":\"https:\\\/\\\/schema.org\",\"@graph\":[{\"@type\":\"WebPage\",\"@id\":\"https:\\\/\\\/lurdinha.org\\\/site\\\/expediente\\\/\",\"url\":\"https:\\\/\\\/lurdinha.org\\\/site\\\/expediente\\\/\",\"name\":\"EXPEDIENTE - Lurdinha - Duque de Caxias para Est\u00f4magos Fortes\",\"isPartOf\":{\"@id\":\"https:\\\/\\\/lurdinha.org\\\/site\\\/#website\"},\"datePublished\":\"2010-12-27T15:13:38+00:00\",\"dateModified\":\"2025-05-01T01:24:05+00:00\",\"breadcrumb\":{\"@id\":\"https:\\\/\\\/lurdinha.org\\\/site\\\/expediente\\\/#breadcrumb\"},\"inLanguage\":\"pt-BR\",\"potentialAction\":[{\"@type\":\"ReadAction\",\"target\":[\"https:\\\/\\\/lurdinha.org\\\/site\\\/expediente\\\/\"]}]},{\"@type\":\"BreadcrumbList\",\"@id\":\"https:\\\/\\\/lurdinha.org\\\/site\\\/expediente\\\/#breadcrumb\",\"itemListElement\":[{\"@type\":\"ListItem\",\"position\":1,\"name\":\"In\u00edcio\",\"item\":\"https:\\\/\\\/lurdinha.org\\\/site\\\/\"},{\"@type\":\"ListItem\",\"position\":2,\"name\":\"EXPEDIENTE\"}]},{\"@type\":\"WebSite\",\"@id\":\"https:\\\/\\\/lurdinha.org\\\/site\\\/#website\",\"url\":\"https:\\\/\\\/lurdinha.org\\\/site\\\/\",\"name\":\"Lurdinha - Duque de Caxias para Est\u00f4magos Fortes\",\"description\":\"Site sobre Arte, Cultura, Pol\u00edtica, Sociedade e curiosidades da cidade de Duque de Caxias, RJ\",\"publisher\":{\"@id\":\"https:\\\/\\\/lurdinha.org\\\/site\\\/#organization\"},\"alternateName\":\"Lurdinha\",\"potentialAction\":[{\"@type\":\"SearchAction\",\"target\":{\"@type\":\"EntryPoint\",\"urlTemplate\":\"https:\\\/\\\/lurdinha.org\\\/site\\\/?s={search_term_string}\"},\"query-input\":{\"@type\":\"PropertyValueSpecification\",\"valueRequired\":true,\"valueName\":\"search_term_string\"}}],\"inLanguage\":\"pt-BR\"},{\"@type\":\"Organization\",\"@id\":\"https:\\\/\\\/lurdinha.org\\\/site\\\/#organization\",\"name\":\"Lurdinha de Caxias\",\"url\":\"https:\\\/\\\/lurdinha.org\\\/site\\\/\",\"logo\":{\"@type\":\"ImageObject\",\"inLanguage\":\"pt-BR\",\"@id\":\"https:\\\/\\\/lurdinha.org\\\/site\\\/#\\\/schema\\\/logo\\\/image\\\/\",\"url\":\"https:\\\/\\\/lurdinha.org\\\/site\\\/wp-content\\\/uploads\\\/logo-lurdinha.jpg\",\"contentUrl\":\"https:\\\/\\\/lurdinha.org\\\/site\\\/wp-content\\\/uploads\\\/logo-lurdinha.jpg\",\"width\":640,\"height\":60,\"caption\":\"Lurdinha de Caxias\"},\"image\":{\"@id\":\"https:\\\/\\\/lurdinha.org\\\/site\\\/#\\\/schema\\\/logo\\\/image\\\/\"},\"sameAs\":[\"https:\\\/\\\/www.facebook.com\\\/LurdinhadeCaxias\",\"https:\\\/\\\/www.instagram.com\\\/lurdinhadecaxias\"]}]}<\/script>\n<!-- \/ Yoast SEO plugin. -->","yoast_head_json":{"title":"EXPEDIENTE - Lurdinha - Duque de Caxias para Est\u00f4magos Fortes","robots":{"index":"index","follow":"follow","max-snippet":"max-snippet:-1","max-image-preview":"max-image-preview:large","max-video-preview":"max-video-preview:-1"},"canonical":"https:\/\/lurdinha.org\/site\/expediente\/","og_locale":"pt_BR","og_type":"article","og_title":"EXPEDIENTE - Lurdinha - Duque de Caxias para Est\u00f4magos Fortes","og_description":"Cont\u00e9m publica\u00e7\u00f5es de: # Adriana Batalha # Alberto Ellobo # Alexandre Marques # Andr\u00e9 de...","og_url":"https:\/\/lurdinha.org\/site\/expediente\/","og_site_name":"Lurdinha - Duque de Caxias para Est\u00f4magos Fortes","article_publisher":"https:\/\/www.facebook.com\/LurdinhadeCaxias","article_modified_time":"2025-05-01T01:24:05+00:00","twitter_card":"summary_large_image","twitter_misc":{"Est. tempo de leitura":"1 minuto"},"schema":{"@context":"https:\/\/schema.org","@graph":[{"@type":"WebPage","@id":"https:\/\/lurdinha.org\/site\/expediente\/","url":"https:\/\/lurdinha.org\/site\/expediente\/","name":"EXPEDIENTE - Lurdinha - Duque de Caxias para Est\u00f4magos Fortes","isPartOf":{"@id":"https:\/\/lurdinha.org\/site\/#website"},"datePublished":"2010-12-27T15:13:38+00:00","dateModified":"2025-05-01T01:24:05+00:00","breadcrumb":{"@id":"https:\/\/lurdinha.org\/site\/expediente\/#breadcrumb"},"inLanguage":"pt-BR","potentialAction":[{"@type":"ReadAction","target":["https:\/\/lurdinha.org\/site\/expediente\/"]}]},{"@type":"BreadcrumbList","@id":"https:\/\/lurdinha.org\/site\/expediente\/#breadcrumb","itemListElement":[{"@type":"ListItem","position":1,"name":"In\u00edcio","item":"https:\/\/lurdinha.org\/site\/"},{"@type":"ListItem","position":2,"name":"EXPEDIENTE"}]},{"@type":"WebSite","@id":"https:\/\/lurdinha.org\/site\/#website","url":"https:\/\/lurdinha.org\/site\/","name":"Lurdinha - Duque de Caxias para Est\u00f4magos Fortes","description":"Site sobre Arte, Cultura, Pol\u00edtica, Sociedade e curiosidades da cidade de Duque de Caxias, RJ","publisher":{"@id":"https:\/\/lurdinha.org\/site\/#organization"},"alternateName":"Lurdinha","potentialAction":[{"@type":"SearchAction","target":{"@type":"EntryPoint","urlTemplate":"https:\/\/lurdinha.org\/site\/?s={search_term_string}"},"query-input":{"@type":"PropertyValueSpecification","valueRequired":true,"valueName":"search_term_string"}}],"inLanguage":"pt-BR"},{"@type":"Organization","@id":"https:\/\/lurdinha.org\/site\/#organization","name":"Lurdinha de Caxias","url":"https:\/\/lurdinha.org\/site\/","logo":{"@type":"ImageObject","inLanguage":"pt-BR","@id":"https:\/\/lurdinha.org\/site\/#\/schema\/logo\/image\/","url":"https:\/\/lurdinha.org\/site\/wp-content\/uploads\/logo-lurdinha.jpg","contentUrl":"https:\/\/lurdinha.org\/site\/wp-content\/uploads\/logo-lurdinha.jpg","width":640,"height":60,"caption":"Lurdinha de Caxias"},"image":{"@id":"https:\/\/lurdinha.org\/site\/#\/schema\/logo\/image\/"},"sameAs":["https:\/\/www.facebook.com\/LurdinhadeCaxias","https:\/\/www.instagram.com\/lurdinhadecaxias"]}]}},"_links":{"self":[{"href":"https:\/\/lurdinha.org\/site\/wp-json\/wp\/v2\/pages\/8","targetHints":{"allow":["GET"]}}],"collection":[{"href":"https:\/\/lurdinha.org\/site\/wp-json\/wp\/v2\/pages"}],"about":[{"href":"https:\/\/lurdinha.org\/site\/wp-json\/wp\/v2\/types\/page"}],"author":[{"embeddable":true,"href":"https:\/\/lurdinha.org\/site\/wp-json\/wp\/v2\/users\/87"}],"replies":[{"embeddable":true,"href":"https:\/\/lurdinha.org\/site\/wp-json\/wp\/v2\/comments?post=8"}],"version-history":[{"count":43,"href":"https:\/\/lurdinha.org\/site\/wp-json\/wp\/v2\/pages\/8\/revisions"}],"predecessor-version":[{"id":11996,"href":"https:\/\/lurdinha.org\/site\/wp-json\/wp\/v2\/pages\/8\/revisions\/11996"}],"wp:attachment":[{"href":"https:\/\/lurdinha.org\/site\/wp-json\/wp\/v2\/media?parent=8"}],"curies":[{"name":"wp","href":"https:\/\/api.w.org\/{rel}","templated":true}]}}