{"id":6,"date":"2010-12-27T15:01:38","date_gmt":"2010-12-27T15:01:38","guid":{"rendered":"http:\/\/lurdinha.org\/site\/?page_id=6"},"modified":"2025-04-27T18:36:22","modified_gmt":"2025-04-27T18:36:22","slug":"quale-da-lurdinha","status":"publish","type":"page","link":"https:\/\/lurdinha.org\/site\/quale-da-lurdinha\/","title":{"rendered":"QUAL\u00c9 DA LURDINHA"},"content":{"rendered":"<p>A <strong><span style=\"color: #ff0000;\">Lurdinha <\/span><\/strong>\u2013 <strong><em>Duque de Caxias para Est\u00f4magos Fortes<\/em><\/strong> \u00e9 uma revista eletr\u00f4nica impulsionada por motivos card\u00edacos.<\/p>\n<p>A falta de uma opini\u00e3o p\u00fablica que interfira de fato nos destinos da cidade faz com que Caxias continue sendo uma cidade grande, populosa, desordenada, com uma das maiores concentra\u00e7\u00f5es de renda do pa\u00eds e uma merda do ponto de vista de qualidade de vida.<\/p>\n<p>E uma velha quest\u00e3o: ainda um contingente grande de pessoas que entendem isso, mas que acabam \u201cmelhorando de vida\u201d e indo morar no Rio.<\/p>\n<p>E fica patente a falta de uma opini\u00e3o p\u00fablica cr\u00edtica de fato&#8230;<\/p>\n<p>Pois bem, a Lurdinha chega pra levantar essa lebre. \u00c9 pretens\u00e3o? Sim. Um espa\u00e7o onde possamos opinar, criticar, sacanear, indicar, protestar, sugerir, trocar ideia, compartilhar, instigar, provocar, esses verbos que fazem muito bem pra qualquer cidade do mundo.<\/p>\n<p>A linha editorial \u00e9 bem simples: pensamento cr\u00edtico, provoca\u00e7\u00e3o est\u00e9tica, mobiliza\u00e7\u00e3o de opini\u00e3o p\u00fablica, fotojornalismo, sarcasmos, venenos e maldades, botinadas, cutuc\u00f5es, valoriza\u00e7\u00e3o de pessoas e lugares, conta\u00e7\u00e3o de hist\u00f3rias, midialivrismo, alegria, den\u00fancias, descarregos.<\/p>\n<p>O que voc\u00ea ver\u00e1 publicado: opini\u00f5es sobre a cidade, sobre personalidades, cr\u00edticas pol\u00edticas, cr\u00edticas musicais, fotos, cobertura de eventos, cr\u00f4nicas, comportamento, charges, poesias, foto-montagens, resenhas de disco, dicas de shows e botequins, baixa gastronomia, hist\u00f3rias engra\u00e7adas sobre Caxias, trovas, v\u00eddeos, entrevistas em texto e em v\u00eddeo, manifestos, agenda, convoca\u00e7\u00f5es pol\u00edticas, declara\u00e7\u00f5es de amor, protestos etc.<\/p>\n<p>E tentando preservar um mandamento importante: SEM CHATICE.<\/p>\n<p>Contatos com a Editoria <a href=\"mailto:fala@lurdinha.org\">fala@lurdinha.org<\/a><\/p>\n<p>Contato com os colaboradores, \u00e9 s\u00f3 clicar no nome de cada um. Os coment\u00e1rios s\u00e3o liberados, portanto participe deixando sua opini\u00e3o! \ud83d\ude42<\/p>\n<p><strong>Sorria \u2013 voc\u00ea est\u00e1 em Caxia!<\/strong><\/p>\n","protected":false},"excerpt":{"rendered":"<p>A Lurdinha \u2013 Duque de Caxias para Est\u00f4magos Fortes \u00e9 uma revista eletr\u00f4nica impulsionada por&#8230;<\/p>\n","protected":false},"author":87,"featured_media":0,"parent":0,"menu_order":1,"comment_status":"closed","ping_status":"closed","template":"","meta":{"footnotes":""},"class_list":["post-6","page","type-page","status-publish","hentry"],"yoast_head":"<!-- This site is optimized with the Yoast SEO plugin v27.5 - https:\/\/yoast.com\/product\/yoast-seo-wordpress\/ -->\n<title>QUAL\u00c9 DA LURDINHA - Lurdinha - Duque de Caxias para Est\u00f4magos Fortes<\/title>\n<meta name=\"robots\" content=\"index, follow, max-snippet:-1, max-image-preview:large, max-video-preview:-1\" \/>\n<link rel=\"canonical\" href=\"https:\/\/lurdinha.org\/site\/quale-da-lurdinha\/\" \/>\n<meta property=\"og:locale\" content=\"pt_BR\" \/>\n<meta property=\"og:type\" content=\"article\" \/>\n<meta property=\"og:title\" content=\"QUAL\u00c9 DA LURDINHA - Lurdinha - Duque de Caxias para Est\u00f4magos Fortes\" \/>\n<meta property=\"og:description\" content=\"A Lurdinha \u2013 Duque de Caxias para Est\u00f4magos Fortes \u00e9 uma revista eletr\u00f4nica impulsionada por...\" \/>\n<meta property=\"og:url\" content=\"https:\/\/lurdinha.org\/site\/quale-da-lurdinha\/\" \/>\n<meta property=\"og:site_name\" content=\"Lurdinha - Duque de Caxias para Est\u00f4magos Fortes\" \/>\n<meta property=\"article:publisher\" content=\"https:\/\/www.facebook.com\/LurdinhadeCaxias\" \/>\n<meta property=\"article:modified_time\" content=\"2025-04-27T18:36:22+00:00\" \/>\n<meta name=\"twitter:card\" content=\"summary_large_image\" \/>\n<meta name=\"twitter:label1\" content=\"Est. tempo de leitura\" \/>\n\t<meta name=\"twitter:data1\" content=\"1 minuto\" \/>\n<script type=\"application\/ld+json\" class=\"yoast-schema-graph\">{\"@context\":\"https:\\\/\\\/schema.org\",\"@graph\":[{\"@type\":\"WebPage\",\"@id\":\"https:\\\/\\\/lurdinha.org\\\/site\\\/quale-da-lurdinha\\\/\",\"url\":\"https:\\\/\\\/lurdinha.org\\\/site\\\/quale-da-lurdinha\\\/\",\"name\":\"QUAL\u00c9 DA LURDINHA - Lurdinha - Duque de Caxias para Est\u00f4magos Fortes\",\"isPartOf\":{\"@id\":\"https:\\\/\\\/lurdinha.org\\\/site\\\/#website\"},\"datePublished\":\"2010-12-27T15:01:38+00:00\",\"dateModified\":\"2025-04-27T18:36:22+00:00\",\"breadcrumb\":{\"@id\":\"https:\\\/\\\/lurdinha.org\\\/site\\\/quale-da-lurdinha\\\/#breadcrumb\"},\"inLanguage\":\"pt-BR\",\"potentialAction\":[{\"@type\":\"ReadAction\",\"target\":[\"https:\\\/\\\/lurdinha.org\\\/site\\\/quale-da-lurdinha\\\/\"]}]},{\"@type\":\"BreadcrumbList\",\"@id\":\"https:\\\/\\\/lurdinha.org\\\/site\\\/quale-da-lurdinha\\\/#breadcrumb\",\"itemListElement\":[{\"@type\":\"ListItem\",\"position\":1,\"name\":\"In\u00edcio\",\"item\":\"https:\\\/\\\/lurdinha.org\\\/site\\\/\"},{\"@type\":\"ListItem\",\"position\":2,\"name\":\"QUAL\u00c9 DA LURDINHA\"}]},{\"@type\":\"WebSite\",\"@id\":\"https:\\\/\\\/lurdinha.org\\\/site\\\/#website\",\"url\":\"https:\\\/\\\/lurdinha.org\\\/site\\\/\",\"name\":\"Lurdinha - Duque de Caxias para Est\u00f4magos Fortes\",\"description\":\"Site sobre Arte, Cultura, Pol\u00edtica, Sociedade e curiosidades da cidade de Duque de Caxias, RJ\",\"publisher\":{\"@id\":\"https:\\\/\\\/lurdinha.org\\\/site\\\/#organization\"},\"alternateName\":\"Lurdinha\",\"potentialAction\":[{\"@type\":\"SearchAction\",\"target\":{\"@type\":\"EntryPoint\",\"urlTemplate\":\"https:\\\/\\\/lurdinha.org\\\/site\\\/?s={search_term_string}\"},\"query-input\":{\"@type\":\"PropertyValueSpecification\",\"valueRequired\":true,\"valueName\":\"search_term_string\"}}],\"inLanguage\":\"pt-BR\"},{\"@type\":\"Organization\",\"@id\":\"https:\\\/\\\/lurdinha.org\\\/site\\\/#organization\",\"name\":\"Lurdinha de Caxias\",\"url\":\"https:\\\/\\\/lurdinha.org\\\/site\\\/\",\"logo\":{\"@type\":\"ImageObject\",\"inLanguage\":\"pt-BR\",\"@id\":\"https:\\\/\\\/lurdinha.org\\\/site\\\/#\\\/schema\\\/logo\\\/image\\\/\",\"url\":\"https:\\\/\\\/lurdinha.org\\\/site\\\/wp-content\\\/uploads\\\/logo-lurdinha.jpg\",\"contentUrl\":\"https:\\\/\\\/lurdinha.org\\\/site\\\/wp-content\\\/uploads\\\/logo-lurdinha.jpg\",\"width\":640,\"height\":60,\"caption\":\"Lurdinha de Caxias\"},\"image\":{\"@id\":\"https:\\\/\\\/lurdinha.org\\\/site\\\/#\\\/schema\\\/logo\\\/image\\\/\"},\"sameAs\":[\"https:\\\/\\\/www.facebook.com\\\/LurdinhadeCaxias\",\"https:\\\/\\\/www.instagram.com\\\/lurdinhadecaxias\"]}]}<\/script>\n<!-- \/ Yoast SEO plugin. -->","yoast_head_json":{"title":"QUAL\u00c9 DA LURDINHA - Lurdinha - Duque de Caxias para Est\u00f4magos Fortes","robots":{"index":"index","follow":"follow","max-snippet":"max-snippet:-1","max-image-preview":"max-image-preview:large","max-video-preview":"max-video-preview:-1"},"canonical":"https:\/\/lurdinha.org\/site\/quale-da-lurdinha\/","og_locale":"pt_BR","og_type":"article","og_title":"QUAL\u00c9 DA LURDINHA - Lurdinha - Duque de Caxias para Est\u00f4magos Fortes","og_description":"A Lurdinha \u2013 Duque de Caxias para Est\u00f4magos Fortes \u00e9 uma revista eletr\u00f4nica impulsionada por...","og_url":"https:\/\/lurdinha.org\/site\/quale-da-lurdinha\/","og_site_name":"Lurdinha - Duque de Caxias para Est\u00f4magos Fortes","article_publisher":"https:\/\/www.facebook.com\/LurdinhadeCaxias","article_modified_time":"2025-04-27T18:36:22+00:00","twitter_card":"summary_large_image","twitter_misc":{"Est. tempo de leitura":"1 minuto"},"schema":{"@context":"https:\/\/schema.org","@graph":[{"@type":"WebPage","@id":"https:\/\/lurdinha.org\/site\/quale-da-lurdinha\/","url":"https:\/\/lurdinha.org\/site\/quale-da-lurdinha\/","name":"QUAL\u00c9 DA LURDINHA - Lurdinha - Duque de Caxias para Est\u00f4magos Fortes","isPartOf":{"@id":"https:\/\/lurdinha.org\/site\/#website"},"datePublished":"2010-12-27T15:01:38+00:00","dateModified":"2025-04-27T18:36:22+00:00","breadcrumb":{"@id":"https:\/\/lurdinha.org\/site\/quale-da-lurdinha\/#breadcrumb"},"inLanguage":"pt-BR","potentialAction":[{"@type":"ReadAction","target":["https:\/\/lurdinha.org\/site\/quale-da-lurdinha\/"]}]},{"@type":"BreadcrumbList","@id":"https:\/\/lurdinha.org\/site\/quale-da-lurdinha\/#breadcrumb","itemListElement":[{"@type":"ListItem","position":1,"name":"In\u00edcio","item":"https:\/\/lurdinha.org\/site\/"},{"@type":"ListItem","position":2,"name":"QUAL\u00c9 DA LURDINHA"}]},{"@type":"WebSite","@id":"https:\/\/lurdinha.org\/site\/#website","url":"https:\/\/lurdinha.org\/site\/","name":"Lurdinha - Duque de Caxias para Est\u00f4magos Fortes","description":"Site sobre Arte, Cultura, Pol\u00edtica, Sociedade e curiosidades da cidade de Duque de Caxias, RJ","publisher":{"@id":"https:\/\/lurdinha.org\/site\/#organization"},"alternateName":"Lurdinha","potentialAction":[{"@type":"SearchAction","target":{"@type":"EntryPoint","urlTemplate":"https:\/\/lurdinha.org\/site\/?s={search_term_string}"},"query-input":{"@type":"PropertyValueSpecification","valueRequired":true,"valueName":"search_term_string"}}],"inLanguage":"pt-BR"},{"@type":"Organization","@id":"https:\/\/lurdinha.org\/site\/#organization","name":"Lurdinha de Caxias","url":"https:\/\/lurdinha.org\/site\/","logo":{"@type":"ImageObject","inLanguage":"pt-BR","@id":"https:\/\/lurdinha.org\/site\/#\/schema\/logo\/image\/","url":"https:\/\/lurdinha.org\/site\/wp-content\/uploads\/logo-lurdinha.jpg","contentUrl":"https:\/\/lurdinha.org\/site\/wp-content\/uploads\/logo-lurdinha.jpg","width":640,"height":60,"caption":"Lurdinha de Caxias"},"image":{"@id":"https:\/\/lurdinha.org\/site\/#\/schema\/logo\/image\/"},"sameAs":["https:\/\/www.facebook.com\/LurdinhadeCaxias","https:\/\/www.instagram.com\/lurdinhadecaxias"]}]}},"_links":{"self":[{"href":"https:\/\/lurdinha.org\/site\/wp-json\/wp\/v2\/pages\/6","targetHints":{"allow":["GET"]}}],"collection":[{"href":"https:\/\/lurdinha.org\/site\/wp-json\/wp\/v2\/pages"}],"about":[{"href":"https:\/\/lurdinha.org\/site\/wp-json\/wp\/v2\/types\/page"}],"author":[{"embeddable":true,"href":"https:\/\/lurdinha.org\/site\/wp-json\/wp\/v2\/users\/87"}],"replies":[{"embeddable":true,"href":"https:\/\/lurdinha.org\/site\/wp-json\/wp\/v2\/comments?post=6"}],"version-history":[{"count":5,"href":"https:\/\/lurdinha.org\/site\/wp-json\/wp\/v2\/pages\/6\/revisions"}],"predecessor-version":[{"id":8386,"href":"https:\/\/lurdinha.org\/site\/wp-json\/wp\/v2\/pages\/6\/revisions\/8386"}],"wp:attachment":[{"href":"https:\/\/lurdinha.org\/site\/wp-json\/wp\/v2\/media?parent=6"}],"curies":[{"name":"wp","href":"https:\/\/api.w.org\/{rel}","templated":true}]}}