{"id":4,"date":"2010-12-27T14:59:18","date_gmt":"2010-12-27T14:59:18","guid":{"rendered":"http:\/\/lurdinha.org\/site\/?page_id=4"},"modified":"2025-04-27T18:36:38","modified_gmt":"2025-04-27T18:36:38","slug":"duque-de-caxias","status":"publish","type":"page","link":"https:\/\/lurdinha.org\/site\/duque-de-caxias\/","title":{"rendered":"DUQUE DE CAXIAS"},"content":{"rendered":"<p><strong>Duque de Caxias<\/strong> fica na Baixada Fluminense, no Rio de Janeiro. E \u00e9 dif\u00edcil&#8230;<\/p>\n<p>Pra quem ama Hist\u00f3ria e pra quem v\u00ea a pot\u00eancia do caldo humano pujante presente nesta regi\u00e3o, Caxias \u00e9 uma cidade extremamente rica e promissora. Mas que foi historicamente massacrada pela pol\u00edtica aliada ao banditismo, pela depreda\u00e7\u00e3o da Mata Atl\u00e2ntica, pelos crimes ambientais como as retifica\u00e7\u00f5es de rios, pelo abandono do Estado, pela explora\u00e7\u00e3o da mis\u00e9ria, pelas doen\u00e7as ligadas \u00e0 pobreza, pela grilagem de terras, pelos grupos de exterm\u00ednio, pela especula\u00e7\u00e3o imobili\u00e1ria, pela sombra exercida pela cidade do Rio e pela a\u00e7\u00e3o pesada da ditadura militar, resultando numa cidade escrota, pra dizer o m\u00ednimo.<\/p>\n<p>Hoje \u00e9 isso: IDH rid\u00edculo, vergonhoso, dinheiro em quantidade imensa, uma das maiores concentra\u00e7\u00f5es de renda do pa\u00eds, uma vis\u00e3o pol\u00edtica estreita, uma classe pol\u00edtica que na maior parte transita entre o idiota e o corrupto, ou os dois \u2013 exce\u00e7\u00f5es constrangedoramente poucas.<\/p>\n<p>Caxias n\u00e3o \u00e9 pra principiantes.<\/p>\n<p>Caxias d\u00e1 raiva.<\/p>\n<p>Mas, existe uma cidade que n\u00e3o \u00e9 conhecida ou \u00e9 escondida \u2013 e essa \u00e9 incr\u00edvel. Mata Atl\u00e2ntica original, de natureza abundante. Uma hist\u00f3ria com H mai\u00fasculo. Terra de hist\u00f3rias riqu\u00edssimas como a Escola Regional de Meriti, o terreiro de Jo\u00e3ozinho da Gomeia, de uma das c\u00e9lulas mais importantes do Partido Comunista do pa\u00eds, da Escola de Samba Cartolinhas de Caxias, com H\u00e9lio Cabral e Solano Trindade de frente, de um vigoroso movimento campon\u00eas organizado, uma terra musical por excel\u00eancia.<\/p>\n<p>E segundo o IBGE, uma cidade com pelo menos 150 mil pessoas estudando, faculdades apinhadas de gente, grupos culturais na ativa. Bandas de rock em profus\u00e3o. Nomes de proa no cen\u00e1rio do samba no Estado. Uma gera\u00e7\u00e3o de artistas pl\u00e1sticos com moral na cena underground. Poetas de sucesso no circuito da poesia. Cinema sendo reconhecido at\u00e9 fora do pa\u00eds.<\/p>\n<p>H\u00e1 uma cidade invis\u00edvel que est\u00e1 emergindo e que ainda vai fazer mais barulho&#8230;<\/p>\n<p>Evo\u00e9!<\/p>\n","protected":false},"excerpt":{"rendered":"<p>Duque de Caxias fica na Baixada Fluminense, no Rio de Janeiro. E \u00e9 dif\u00edcil&#8230; Pra&#8230;<\/p>\n","protected":false},"author":87,"featured_media":0,"parent":0,"menu_order":2,"comment_status":"closed","ping_status":"closed","template":"","meta":{"footnotes":""},"class_list":["post-4","page","type-page","status-publish","hentry"],"yoast_head":"<!-- This site is optimized with the Yoast SEO plugin v27.5 - https:\/\/yoast.com\/product\/yoast-seo-wordpress\/ -->\n<title>DUQUE DE CAXIAS - Lurdinha - Duque de Caxias para Est\u00f4magos Fortes<\/title>\n<meta name=\"robots\" content=\"index, follow, max-snippet:-1, max-image-preview:large, max-video-preview:-1\" \/>\n<link rel=\"canonical\" href=\"https:\/\/lurdinha.org\/site\/duque-de-caxias\/\" \/>\n<meta property=\"og:locale\" content=\"pt_BR\" \/>\n<meta property=\"og:type\" content=\"article\" \/>\n<meta property=\"og:title\" content=\"DUQUE DE CAXIAS - Lurdinha - Duque de Caxias para Est\u00f4magos Fortes\" \/>\n<meta property=\"og:description\" content=\"Duque de Caxias fica na Baixada Fluminense, no Rio de Janeiro. E \u00e9 dif\u00edcil&#8230; Pra...\" \/>\n<meta property=\"og:url\" content=\"https:\/\/lurdinha.org\/site\/duque-de-caxias\/\" \/>\n<meta property=\"og:site_name\" content=\"Lurdinha - Duque de Caxias para Est\u00f4magos Fortes\" \/>\n<meta property=\"article:publisher\" content=\"https:\/\/www.facebook.com\/LurdinhadeCaxias\" \/>\n<meta property=\"article:modified_time\" content=\"2025-04-27T18:36:38+00:00\" \/>\n<meta name=\"twitter:card\" content=\"summary_large_image\" \/>\n<meta name=\"twitter:label1\" content=\"Est. tempo de leitura\" \/>\n\t<meta name=\"twitter:data1\" content=\"2 minutos\" \/>\n<script type=\"application\/ld+json\" class=\"yoast-schema-graph\">{\"@context\":\"https:\\\/\\\/schema.org\",\"@graph\":[{\"@type\":\"WebPage\",\"@id\":\"https:\\\/\\\/lurdinha.org\\\/site\\\/duque-de-caxias\\\/\",\"url\":\"https:\\\/\\\/lurdinha.org\\\/site\\\/duque-de-caxias\\\/\",\"name\":\"DUQUE DE CAXIAS - Lurdinha - Duque de Caxias para Est\u00f4magos Fortes\",\"isPartOf\":{\"@id\":\"https:\\\/\\\/lurdinha.org\\\/site\\\/#website\"},\"datePublished\":\"2010-12-27T14:59:18+00:00\",\"dateModified\":\"2025-04-27T18:36:38+00:00\",\"breadcrumb\":{\"@id\":\"https:\\\/\\\/lurdinha.org\\\/site\\\/duque-de-caxias\\\/#breadcrumb\"},\"inLanguage\":\"pt-BR\",\"potentialAction\":[{\"@type\":\"ReadAction\",\"target\":[\"https:\\\/\\\/lurdinha.org\\\/site\\\/duque-de-caxias\\\/\"]}]},{\"@type\":\"BreadcrumbList\",\"@id\":\"https:\\\/\\\/lurdinha.org\\\/site\\\/duque-de-caxias\\\/#breadcrumb\",\"itemListElement\":[{\"@type\":\"ListItem\",\"position\":1,\"name\":\"In\u00edcio\",\"item\":\"https:\\\/\\\/lurdinha.org\\\/site\\\/\"},{\"@type\":\"ListItem\",\"position\":2,\"name\":\"DUQUE DE CAXIAS\"}]},{\"@type\":\"WebSite\",\"@id\":\"https:\\\/\\\/lurdinha.org\\\/site\\\/#website\",\"url\":\"https:\\\/\\\/lurdinha.org\\\/site\\\/\",\"name\":\"Lurdinha - Duque de Caxias para Est\u00f4magos Fortes\",\"description\":\"Site sobre Arte, Cultura, Pol\u00edtica, Sociedade e curiosidades da cidade de Duque de Caxias, RJ\",\"publisher\":{\"@id\":\"https:\\\/\\\/lurdinha.org\\\/site\\\/#organization\"},\"alternateName\":\"Lurdinha\",\"potentialAction\":[{\"@type\":\"SearchAction\",\"target\":{\"@type\":\"EntryPoint\",\"urlTemplate\":\"https:\\\/\\\/lurdinha.org\\\/site\\\/?s={search_term_string}\"},\"query-input\":{\"@type\":\"PropertyValueSpecification\",\"valueRequired\":true,\"valueName\":\"search_term_string\"}}],\"inLanguage\":\"pt-BR\"},{\"@type\":\"Organization\",\"@id\":\"https:\\\/\\\/lurdinha.org\\\/site\\\/#organization\",\"name\":\"Lurdinha de Caxias\",\"url\":\"https:\\\/\\\/lurdinha.org\\\/site\\\/\",\"logo\":{\"@type\":\"ImageObject\",\"inLanguage\":\"pt-BR\",\"@id\":\"https:\\\/\\\/lurdinha.org\\\/site\\\/#\\\/schema\\\/logo\\\/image\\\/\",\"url\":\"https:\\\/\\\/lurdinha.org\\\/site\\\/wp-content\\\/uploads\\\/logo-lurdinha.jpg\",\"contentUrl\":\"https:\\\/\\\/lurdinha.org\\\/site\\\/wp-content\\\/uploads\\\/logo-lurdinha.jpg\",\"width\":640,\"height\":60,\"caption\":\"Lurdinha de Caxias\"},\"image\":{\"@id\":\"https:\\\/\\\/lurdinha.org\\\/site\\\/#\\\/schema\\\/logo\\\/image\\\/\"},\"sameAs\":[\"https:\\\/\\\/www.facebook.com\\\/LurdinhadeCaxias\",\"https:\\\/\\\/www.instagram.com\\\/lurdinhadecaxias\"]}]}<\/script>\n<!-- \/ Yoast SEO plugin. -->","yoast_head_json":{"title":"DUQUE DE CAXIAS - Lurdinha - Duque de Caxias para Est\u00f4magos Fortes","robots":{"index":"index","follow":"follow","max-snippet":"max-snippet:-1","max-image-preview":"max-image-preview:large","max-video-preview":"max-video-preview:-1"},"canonical":"https:\/\/lurdinha.org\/site\/duque-de-caxias\/","og_locale":"pt_BR","og_type":"article","og_title":"DUQUE DE CAXIAS - Lurdinha - Duque de Caxias para Est\u00f4magos Fortes","og_description":"Duque de Caxias fica na Baixada Fluminense, no Rio de Janeiro. E \u00e9 dif\u00edcil&#8230; Pra...","og_url":"https:\/\/lurdinha.org\/site\/duque-de-caxias\/","og_site_name":"Lurdinha - Duque de Caxias para Est\u00f4magos Fortes","article_publisher":"https:\/\/www.facebook.com\/LurdinhadeCaxias","article_modified_time":"2025-04-27T18:36:38+00:00","twitter_card":"summary_large_image","twitter_misc":{"Est. tempo de leitura":"2 minutos"},"schema":{"@context":"https:\/\/schema.org","@graph":[{"@type":"WebPage","@id":"https:\/\/lurdinha.org\/site\/duque-de-caxias\/","url":"https:\/\/lurdinha.org\/site\/duque-de-caxias\/","name":"DUQUE DE CAXIAS - Lurdinha - Duque de Caxias para Est\u00f4magos Fortes","isPartOf":{"@id":"https:\/\/lurdinha.org\/site\/#website"},"datePublished":"2010-12-27T14:59:18+00:00","dateModified":"2025-04-27T18:36:38+00:00","breadcrumb":{"@id":"https:\/\/lurdinha.org\/site\/duque-de-caxias\/#breadcrumb"},"inLanguage":"pt-BR","potentialAction":[{"@type":"ReadAction","target":["https:\/\/lurdinha.org\/site\/duque-de-caxias\/"]}]},{"@type":"BreadcrumbList","@id":"https:\/\/lurdinha.org\/site\/duque-de-caxias\/#breadcrumb","itemListElement":[{"@type":"ListItem","position":1,"name":"In\u00edcio","item":"https:\/\/lurdinha.org\/site\/"},{"@type":"ListItem","position":2,"name":"DUQUE DE CAXIAS"}]},{"@type":"WebSite","@id":"https:\/\/lurdinha.org\/site\/#website","url":"https:\/\/lurdinha.org\/site\/","name":"Lurdinha - Duque de Caxias para Est\u00f4magos Fortes","description":"Site sobre Arte, Cultura, Pol\u00edtica, Sociedade e curiosidades da cidade de Duque de Caxias, RJ","publisher":{"@id":"https:\/\/lurdinha.org\/site\/#organization"},"alternateName":"Lurdinha","potentialAction":[{"@type":"SearchAction","target":{"@type":"EntryPoint","urlTemplate":"https:\/\/lurdinha.org\/site\/?s={search_term_string}"},"query-input":{"@type":"PropertyValueSpecification","valueRequired":true,"valueName":"search_term_string"}}],"inLanguage":"pt-BR"},{"@type":"Organization","@id":"https:\/\/lurdinha.org\/site\/#organization","name":"Lurdinha de Caxias","url":"https:\/\/lurdinha.org\/site\/","logo":{"@type":"ImageObject","inLanguage":"pt-BR","@id":"https:\/\/lurdinha.org\/site\/#\/schema\/logo\/image\/","url":"https:\/\/lurdinha.org\/site\/wp-content\/uploads\/logo-lurdinha.jpg","contentUrl":"https:\/\/lurdinha.org\/site\/wp-content\/uploads\/logo-lurdinha.jpg","width":640,"height":60,"caption":"Lurdinha de Caxias"},"image":{"@id":"https:\/\/lurdinha.org\/site\/#\/schema\/logo\/image\/"},"sameAs":["https:\/\/www.facebook.com\/LurdinhadeCaxias","https:\/\/www.instagram.com\/lurdinhadecaxias"]}]}},"_links":{"self":[{"href":"https:\/\/lurdinha.org\/site\/wp-json\/wp\/v2\/pages\/4","targetHints":{"allow":["GET"]}}],"collection":[{"href":"https:\/\/lurdinha.org\/site\/wp-json\/wp\/v2\/pages"}],"about":[{"href":"https:\/\/lurdinha.org\/site\/wp-json\/wp\/v2\/types\/page"}],"author":[{"embeddable":true,"href":"https:\/\/lurdinha.org\/site\/wp-json\/wp\/v2\/users\/87"}],"replies":[{"embeddable":true,"href":"https:\/\/lurdinha.org\/site\/wp-json\/wp\/v2\/comments?post=4"}],"version-history":[{"count":6,"href":"https:\/\/lurdinha.org\/site\/wp-json\/wp\/v2\/pages\/4\/revisions"}],"predecessor-version":[{"id":107,"href":"https:\/\/lurdinha.org\/site\/wp-json\/wp\/v2\/pages\/4\/revisions\/107"}],"wp:attachment":[{"href":"https:\/\/lurdinha.org\/site\/wp-json\/wp\/v2\/media?parent=4"}],"curies":[{"name":"wp","href":"https:\/\/api.w.org\/{rel}","templated":true}]}}