{"id":364,"date":"2011-03-28T03:07:19","date_gmt":"2011-03-28T03:07:19","guid":{"rendered":"http:\/\/lurdinha.org\/site\/?page_id=364"},"modified":"2025-04-27T18:36:49","modified_gmt":"2025-04-27T18:36:49","slug":"numeros","status":"publish","type":"page","link":"https:\/\/lurdinha.org\/site\/numeros\/","title":{"rendered":"N\u00daMEROS"},"content":{"rendered":"<p>O Brasil tem 5.565 munic\u00edpios.<\/p>\n<p>O Estado do Rio de Janeiro tem 92 munic\u00edpios.<\/p>\n<p>Duque de Caxias est\u00e1 entre os 10 maiores PIBs\u00a0(Produto Interno Bruto)\u00a0do pa\u00eds, valor anual na ordem de R$ 20,125 bilh\u00f5es (Cide\/2006).<br \/>\n<a href=\"http:\/\/www.ibge.gov.br\/home\/presidencia\/noticias\/noticia_visualiza.php?id_noticia=354\">http:\/\/www.ibge.gov.br\/home\/presidencia\/noticias\/noticia_visualiza.php?id_noticia=354<br \/>\n<\/a>http:\/\/ghlb.files.wordpress.com\/2009\/11\/pib-2007.jpg?w=540&amp;h=1011<br \/>\n<a href=\"http:\/\/pt.wikipedia.org\/wiki\/Anexo:Lista_de_munic%C3%ADpios_do_Brasil_por_PIB\">http:\/\/pt.wikipedia.org\/wiki\/Anexo:Lista_de_munic%C3%ADpios_do_Brasil_por_PIB<br \/>\n<\/a><a href=\"http:\/\/www.benderblog.com\/lista-das-cidades-mais-ricas-do-brasil\/\">http:\/\/www.benderblog.com\/lista-das-cidades-mais-ricas-do-brasil\/<\/a><\/p>\n<p>Duque de Caxias \u00e9 a segunda maior arrecada\u00e7\u00e3o do Estado do Rio de Janeiro.<\/p>\n<p>O Rio de Janeiro tem o segundo maior PIB do Estado.<br \/>\n<a href=\"http:\/\/pt.wikipedia.org\/wiki\/Anexo:Lista_de_estados_do_Brasil_por_PIB\">http:\/\/pt.wikipedia.org\/wiki\/Anexo:Lista_de_estados_do_Brasil_por_PIB<\/a><\/p>\n<p><a href=\"http:\/\/pt.wikipedia.org\/wiki\/Anexo:Lista_de_estados_do_Brasil_por_PIB\"><\/a>Duque de Caxias possui uma popula\u00e7\u00e3o\u00a0estimada em 855.046 habitantes (IBGE\/2010), classificando-se como 18\u00ba munic\u00edpio mais populoso do pa\u00eds.<br \/>\n<a href=\"http:\/\/pt.wikipedia.org\/wiki\/Anexo:Lista_dos_cem_munic%C3%ADpios_mais_populosos_do_Brasil\">http:\/\/pt.wikipedia.org\/wiki\/Anexo:Lista_dos_cem_munic%C3%ADpios_mais_populosos_do_Brasil<\/a><\/p>\n<p><a href=\"http:\/\/pt.wikipedia.org\/wiki\/Anexo:Lista_dos_cem_munic%C3%ADpios_mais_populosos_do_Brasil\"><\/a> &#8220;Em arrecada\u00e7\u00e3o de Imposto sobre Circula\u00e7\u00e3o de Mercadoria e Servi\u00e7os (ICMS), Duque de Caxias est\u00e1 em segundo lugar no estado, perdendo apenas para a capital. O or\u00e7amento anual da Prefeitura ultrapassa a cifra de R$ 1 bilh\u00e3o.&#8221;<br \/>\n<a href=\"http:\/\/www.duquedecaxias.rj.gov.br\/index.php\/conheca_caxias\/economia_forte\">http:\/\/www.duquedecaxias.rj.gov.br\/index.php\/conheca_caxias\/economia_forte<\/a><\/p>\n<p><a href=\"http:\/\/www.duquedecaxias.rj.gov.br\/index.php\/conheca_caxias\/economia_forte\"><\/a>Duque de Caxias ocupa a posi\u00e7\u00e3o 0,753\u00a0no ranking de IDH (\u00ecndice de Desenvolvimento Humano) do pa\u00eds. No Estado do Rio \u00e9 o 52\u00ba.<br \/>\n<a href=\"http:\/\/pt.wikipedia.org\/wiki\/Anexo:Lista_dos_munic%C3%ADpios_brasileiros_por_IDH\">http:\/\/pt.wikipedia.org\/wiki\/Anexo:Lista_dos_munic%C3%ADpios_brasileiros_por_IDH<\/a><\/p>\n<p>Duque de Caxias tem 464,573 km\u00b2.<\/p>\n<p>&nbsp;<\/p>\n<p>&nbsp;<\/p>\n","protected":false},"excerpt":{"rendered":"<p>O Brasil tem 5.565 munic\u00edpios. O Estado do Rio de Janeiro tem 92 munic\u00edpios. Duque&#8230;<\/p>\n","protected":false},"author":87,"featured_media":0,"parent":0,"menu_order":4,"comment_status":"closed","ping_status":"closed","template":"","meta":{"footnotes":""},"class_list":["post-364","page","type-page","status-publish","hentry"],"yoast_head":"<!-- This site is optimized with the Yoast SEO plugin v27.5 - https:\/\/yoast.com\/product\/yoast-seo-wordpress\/ -->\n<title>N\u00daMEROS - Lurdinha - Duque de Caxias para Est\u00f4magos Fortes<\/title>\n<meta name=\"robots\" content=\"index, follow, max-snippet:-1, max-image-preview:large, max-video-preview:-1\" \/>\n<link rel=\"canonical\" href=\"https:\/\/lurdinha.org\/site\/numeros\/\" \/>\n<meta property=\"og:locale\" content=\"pt_BR\" \/>\n<meta property=\"og:type\" content=\"article\" \/>\n<meta property=\"og:title\" content=\"N\u00daMEROS - Lurdinha - Duque de Caxias para Est\u00f4magos Fortes\" \/>\n<meta property=\"og:description\" content=\"O Brasil tem 5.565 munic\u00edpios. O Estado do Rio de Janeiro tem 92 munic\u00edpios. Duque...\" \/>\n<meta property=\"og:url\" content=\"https:\/\/lurdinha.org\/site\/numeros\/\" \/>\n<meta property=\"og:site_name\" content=\"Lurdinha - Duque de Caxias para Est\u00f4magos Fortes\" \/>\n<meta property=\"article:publisher\" content=\"https:\/\/www.facebook.com\/LurdinhadeCaxias\" \/>\n<meta property=\"article:modified_time\" content=\"2025-04-27T18:36:49+00:00\" \/>\n<meta name=\"twitter:card\" content=\"summary_large_image\" \/>\n<meta name=\"twitter:label1\" content=\"Est. tempo de leitura\" \/>\n\t<meta name=\"twitter:data1\" content=\"1 minuto\" \/>\n<script type=\"application\/ld+json\" class=\"yoast-schema-graph\">{\"@context\":\"https:\\\/\\\/schema.org\",\"@graph\":[{\"@type\":\"WebPage\",\"@id\":\"https:\\\/\\\/lurdinha.org\\\/site\\\/numeros\\\/\",\"url\":\"https:\\\/\\\/lurdinha.org\\\/site\\\/numeros\\\/\",\"name\":\"N\u00daMEROS - Lurdinha - Duque de Caxias para Est\u00f4magos Fortes\",\"isPartOf\":{\"@id\":\"https:\\\/\\\/lurdinha.org\\\/site\\\/#website\"},\"datePublished\":\"2011-03-28T03:07:19+00:00\",\"dateModified\":\"2025-04-27T18:36:49+00:00\",\"breadcrumb\":{\"@id\":\"https:\\\/\\\/lurdinha.org\\\/site\\\/numeros\\\/#breadcrumb\"},\"inLanguage\":\"pt-BR\",\"potentialAction\":[{\"@type\":\"ReadAction\",\"target\":[\"https:\\\/\\\/lurdinha.org\\\/site\\\/numeros\\\/\"]}]},{\"@type\":\"BreadcrumbList\",\"@id\":\"https:\\\/\\\/lurdinha.org\\\/site\\\/numeros\\\/#breadcrumb\",\"itemListElement\":[{\"@type\":\"ListItem\",\"position\":1,\"name\":\"In\u00edcio\",\"item\":\"https:\\\/\\\/lurdinha.org\\\/site\\\/\"},{\"@type\":\"ListItem\",\"position\":2,\"name\":\"N\u00daMEROS\"}]},{\"@type\":\"WebSite\",\"@id\":\"https:\\\/\\\/lurdinha.org\\\/site\\\/#website\",\"url\":\"https:\\\/\\\/lurdinha.org\\\/site\\\/\",\"name\":\"Lurdinha - Duque de Caxias para Est\u00f4magos Fortes\",\"description\":\"Site sobre Arte, Cultura, Pol\u00edtica, Sociedade e curiosidades da cidade de Duque de Caxias, RJ\",\"publisher\":{\"@id\":\"https:\\\/\\\/lurdinha.org\\\/site\\\/#organization\"},\"alternateName\":\"Lurdinha\",\"potentialAction\":[{\"@type\":\"SearchAction\",\"target\":{\"@type\":\"EntryPoint\",\"urlTemplate\":\"https:\\\/\\\/lurdinha.org\\\/site\\\/?s={search_term_string}\"},\"query-input\":{\"@type\":\"PropertyValueSpecification\",\"valueRequired\":true,\"valueName\":\"search_term_string\"}}],\"inLanguage\":\"pt-BR\"},{\"@type\":\"Organization\",\"@id\":\"https:\\\/\\\/lurdinha.org\\\/site\\\/#organization\",\"name\":\"Lurdinha de Caxias\",\"url\":\"https:\\\/\\\/lurdinha.org\\\/site\\\/\",\"logo\":{\"@type\":\"ImageObject\",\"inLanguage\":\"pt-BR\",\"@id\":\"https:\\\/\\\/lurdinha.org\\\/site\\\/#\\\/schema\\\/logo\\\/image\\\/\",\"url\":\"https:\\\/\\\/lurdinha.org\\\/site\\\/wp-content\\\/uploads\\\/logo-lurdinha.jpg\",\"contentUrl\":\"https:\\\/\\\/lurdinha.org\\\/site\\\/wp-content\\\/uploads\\\/logo-lurdinha.jpg\",\"width\":640,\"height\":60,\"caption\":\"Lurdinha de Caxias\"},\"image\":{\"@id\":\"https:\\\/\\\/lurdinha.org\\\/site\\\/#\\\/schema\\\/logo\\\/image\\\/\"},\"sameAs\":[\"https:\\\/\\\/www.facebook.com\\\/LurdinhadeCaxias\",\"https:\\\/\\\/www.instagram.com\\\/lurdinhadecaxias\"]}]}<\/script>\n<!-- \/ Yoast SEO plugin. -->","yoast_head_json":{"title":"N\u00daMEROS - Lurdinha - Duque de Caxias para Est\u00f4magos Fortes","robots":{"index":"index","follow":"follow","max-snippet":"max-snippet:-1","max-image-preview":"max-image-preview:large","max-video-preview":"max-video-preview:-1"},"canonical":"https:\/\/lurdinha.org\/site\/numeros\/","og_locale":"pt_BR","og_type":"article","og_title":"N\u00daMEROS - Lurdinha - Duque de Caxias para Est\u00f4magos Fortes","og_description":"O Brasil tem 5.565 munic\u00edpios. O Estado do Rio de Janeiro tem 92 munic\u00edpios. Duque...","og_url":"https:\/\/lurdinha.org\/site\/numeros\/","og_site_name":"Lurdinha - Duque de Caxias para Est\u00f4magos Fortes","article_publisher":"https:\/\/www.facebook.com\/LurdinhadeCaxias","article_modified_time":"2025-04-27T18:36:49+00:00","twitter_card":"summary_large_image","twitter_misc":{"Est. tempo de leitura":"1 minuto"},"schema":{"@context":"https:\/\/schema.org","@graph":[{"@type":"WebPage","@id":"https:\/\/lurdinha.org\/site\/numeros\/","url":"https:\/\/lurdinha.org\/site\/numeros\/","name":"N\u00daMEROS - Lurdinha - Duque de Caxias para Est\u00f4magos Fortes","isPartOf":{"@id":"https:\/\/lurdinha.org\/site\/#website"},"datePublished":"2011-03-28T03:07:19+00:00","dateModified":"2025-04-27T18:36:49+00:00","breadcrumb":{"@id":"https:\/\/lurdinha.org\/site\/numeros\/#breadcrumb"},"inLanguage":"pt-BR","potentialAction":[{"@type":"ReadAction","target":["https:\/\/lurdinha.org\/site\/numeros\/"]}]},{"@type":"BreadcrumbList","@id":"https:\/\/lurdinha.org\/site\/numeros\/#breadcrumb","itemListElement":[{"@type":"ListItem","position":1,"name":"In\u00edcio","item":"https:\/\/lurdinha.org\/site\/"},{"@type":"ListItem","position":2,"name":"N\u00daMEROS"}]},{"@type":"WebSite","@id":"https:\/\/lurdinha.org\/site\/#website","url":"https:\/\/lurdinha.org\/site\/","name":"Lurdinha - Duque de Caxias para Est\u00f4magos Fortes","description":"Site sobre Arte, Cultura, Pol\u00edtica, Sociedade e curiosidades da cidade de Duque de Caxias, RJ","publisher":{"@id":"https:\/\/lurdinha.org\/site\/#organization"},"alternateName":"Lurdinha","potentialAction":[{"@type":"SearchAction","target":{"@type":"EntryPoint","urlTemplate":"https:\/\/lurdinha.org\/site\/?s={search_term_string}"},"query-input":{"@type":"PropertyValueSpecification","valueRequired":true,"valueName":"search_term_string"}}],"inLanguage":"pt-BR"},{"@type":"Organization","@id":"https:\/\/lurdinha.org\/site\/#organization","name":"Lurdinha de Caxias","url":"https:\/\/lurdinha.org\/site\/","logo":{"@type":"ImageObject","inLanguage":"pt-BR","@id":"https:\/\/lurdinha.org\/site\/#\/schema\/logo\/image\/","url":"https:\/\/lurdinha.org\/site\/wp-content\/uploads\/logo-lurdinha.jpg","contentUrl":"https:\/\/lurdinha.org\/site\/wp-content\/uploads\/logo-lurdinha.jpg","width":640,"height":60,"caption":"Lurdinha de Caxias"},"image":{"@id":"https:\/\/lurdinha.org\/site\/#\/schema\/logo\/image\/"},"sameAs":["https:\/\/www.facebook.com\/LurdinhadeCaxias","https:\/\/www.instagram.com\/lurdinhadecaxias"]}]}},"_links":{"self":[{"href":"https:\/\/lurdinha.org\/site\/wp-json\/wp\/v2\/pages\/364","targetHints":{"allow":["GET"]}}],"collection":[{"href":"https:\/\/lurdinha.org\/site\/wp-json\/wp\/v2\/pages"}],"about":[{"href":"https:\/\/lurdinha.org\/site\/wp-json\/wp\/v2\/types\/page"}],"author":[{"embeddable":true,"href":"https:\/\/lurdinha.org\/site\/wp-json\/wp\/v2\/users\/87"}],"replies":[{"embeddable":true,"href":"https:\/\/lurdinha.org\/site\/wp-json\/wp\/v2\/comments?post=364"}],"version-history":[{"count":11,"href":"https:\/\/lurdinha.org\/site\/wp-json\/wp\/v2\/pages\/364\/revisions"}],"predecessor-version":[{"id":377,"href":"https:\/\/lurdinha.org\/site\/wp-json\/wp\/v2\/pages\/364\/revisions\/377"}],"wp:attachment":[{"href":"https:\/\/lurdinha.org\/site\/wp-json\/wp\/v2\/media?parent=364"}],"curies":[{"name":"wp","href":"https:\/\/api.w.org\/{rel}","templated":true}]}}